{"id":4147,"date":"2022-04-27T21:22:46","date_gmt":"2022-04-27T19:22:46","guid":{"rendered":"http:\/\/localhost\/diadema\/?post_type=product&#038;p=4147"},"modified":"2025-01-23T13:38:58","modified_gmt":"2025-01-23T11:38:58","slug":"krem_odzywczy_na-dzien-i-noc_grecale","status":"publish","type":"product","link":"https:\/\/diadema.shop\/en\/product\/krem_odzywczy_na-dzien-i-noc_grecale\/","title":{"rendered":"IDEALNY KREM DO TWARZY &#8211; GRECALE &#8211; DZIE\u0143 I NOC"},"content":{"rendered":"<p>Szlachetna kompozycja starannie wyselekcjonowanych i naturalnych sk\u0142adnik\u00f3w aktywnych zamkni\u0119ta w delikatnej i jedwabistej konsystencji <strong>kremu przeciwzmarszczkowego Grecale<\/strong> zapewni Twojej sk\u00f3rze odpowiednie <strong>nawil\u017cenie i od\u017cywienie zar\u00f3wno w ci\u0105gu dnia, jak i w nocy.<\/strong><\/p>\n<p>Krem zawiera kwas hialuronowy i pentawityn\u0119, dzi\u0119ki kt\u00f3rym sk\u00f3ra utrzyma stan <strong>g\u0142\u0119bokiego nawodnienia<\/strong> przez ca\u0142y dzie\u0144. Ponadto, dzi\u0119ki wzbogaceniu formu\u0142y o koenzym Q10, witamin\u0119 E i beta glukan krem idealnie sprawdzi si\u0119 <strong>w walce z oznakami starzenia<\/strong> a cenne olejki (morelowy i oliwkowy) <strong>wzmocni\u0105 procesy odbudowy sk\u00f3ry<\/strong>, r\u00f3wnie\u017c podczas snu. Lekka i niet\u0142ustej konsystencja kremu sprawia, \u017ce produkt sprawdzi si\u0119 <strong>w piel\u0119gnacji ka\u017cdego rodzaju sk\u00f3ry, a tak\u017ce<\/strong>\u00a0stanowi idealn\u0105 <strong>baz\u0119 pod makija\u017c.<\/strong><\/p>\n<p><strong>TW\u00d3J RYTUA\u0141 PI\u0118KNA<\/strong>: nanie\u015b punktowo niewielk\u0105 ilo\u015b\u0107 kremu na ca\u0142\u0105 powierzchni\u0119 sk\u00f3ry twarzy oraz dekoltu. Nast\u0119pnie, rozprowad\u017a krem po sk\u00f3rze wykonuj\u0105c delikatny masa\u017c a\u017c do ca\u0142kowitego wch\u0142oni\u0119cia produktu. Pami\u0119taj aby krem nak\u0142ada\u0107 tylko czystymi r\u0119kami, na oczyszczon\u0105 i lekko wilgotn\u0105 sk\u00f3r\u0119. Aby wzmocni\u0107 efekt od\u017cywienia oraz uelastycznienia w miejscach wyj\u0105tkowo wra\u017cliwej sk\u00f3ry (takich jak okolice oczu i ust), polecamy r\u00f3wnoleg\u0142e stosowanie <a href=\"https:\/\/diadema.shop\/en\/product\/serum_konturujace_aegilium\/\">serum konturuj\u0105cego Aegilium<\/a>, kt\u00f3re nale\u017cy aplikowa\u0107 pod krem.<\/p>\n<p><strong>MOC SK\u0141ADNIK\u00d3W AKTYWNYCH:<\/strong><\/p>\n<ul>\n<li>kwas hialuronowy \u2013 nawil\u017ca<\/li>\n<li>koenzym Q10 \u2013 dzia\u0142a antyoksydacyjnie<\/li>\n<li>pentawityna \u2013 poprawia spr\u0119\u017cysto\u015b\u0107, elastyczno\u015b\u0107 i g\u0142adko\u015b\u0107 sk\u00f3ry<\/li>\n<li>beta glukan \u2013 zwi\u0119ksza zdolno\u015b\u0107 do samoregeneracji\u00a0sk\u00f3ry<\/li>\n<li>ekstrakt z kory mimozy \u2013 dzia\u0142a przeciwzapalnie<\/li>\n<li>olej z pestek moreli \u2013 wyg\u0142adza nask\u00f3rek<\/li>\n<li>niezmydlaj\u0105ca oliwa z oliwek \u2013 chroni sk\u00f3r\u0119 przed utrat\u0105 wilgoci<\/li>\n<li>witamina E \u2013 neutralizuje wolne rodniki<\/li>\n<\/ul>\n<p>&nbsp;<\/p>","protected":false},"excerpt":{"rendered":"<p>Krem od\u017cywczy do twarzy o lekkiej formule na dzie\u0144 i noc Grecale.<\/p>","protected":false},"featured_media":4185,"comment_status":"open","ping_status":"closed","template":"","meta":[],"product_cat":[72,167,171],"product_tag":[138,157,156],"acf":[],"yoast_head":"<!-- This site is optimized with the Yoast SEO plugin v20.4 - https:\/\/yoast.com\/wordpress\/plugins\/seo\/ -->\n<title>IDEALNY KREM DO TWARZY - GRECALE - DZIE\u0143 I NOC - Diadema | Manufaktura kosmetyczna z Toskanii<\/title>\n<meta name=\"robots\" content=\"index, follow, max-snippet:-1, max-image-preview:large, max-video-preview:-1\" \/>\n<link rel=\"canonical\" href=\"https:\/\/diadema.shop\/en\/product\/krem_odzywczy_na-dzien-i-noc_grecale\/\" \/>\n<meta property=\"og:locale\" content=\"en_US\" \/>\n<meta property=\"og:type\" content=\"article\" \/>\n<meta property=\"og:title\" content=\"IDEALNY KREM DO TWARZY - GRECALE - DZIE\u0143 I NOC - Diadema | Manufaktura kosmetyczna z Toskanii\" \/>\n<meta property=\"og:description\" content=\"Krem od\u017cywczy do twarzy o lekkiej formule na dzie\u0144 i noc Grecale.\" \/>\n<meta property=\"og:url\" content=\"https:\/\/diadema.shop\/en\/product\/krem_odzywczy_na-dzien-i-noc_grecale\/\" \/>\n<meta property=\"og:site_name\" content=\"Diadema | Manufaktura kosmetyczna z Toskanii\" \/>\n<meta property=\"article:publisher\" content=\"https:\/\/www.facebook.com\/profile.php?id=100085532000016\" \/>\n<meta property=\"article:modified_time\" content=\"2025-01-23T11:38:58+00:00\" \/>\n<meta property=\"og:image\" content=\"https:\/\/diadema.shop\/wp-content\/uploads\/2022\/04\/crema-viso-antieta-grecale-1.jpg\" \/>\n\t<meta property=\"og:image:width\" content=\"1200\" \/>\n\t<meta property=\"og:image:height\" content=\"1200\" \/>\n\t<meta property=\"og:image:type\" content=\"image\/jpeg\" \/>\n<meta name=\"twitter:card\" content=\"summary_large_image\" \/>\n<meta name=\"twitter:label1\" content=\"Est. reading time\" \/>\n\t<meta name=\"twitter:data1\" content=\"2 minutes\" \/>\n<script type=\"application\/ld+json\" class=\"yoast-schema-graph\">{\"@context\":\"https:\/\/schema.org\",\"@graph\":[{\"@type\":\"WebPage\",\"@id\":\"https:\/\/diadema.shop\/product\/krem_odzywczy_na-dzien-i-noc_grecale\/\",\"url\":\"https:\/\/diadema.shop\/product\/krem_odzywczy_na-dzien-i-noc_grecale\/\",\"name\":\"IDEALNY KREM DO TWARZY - GRECALE - DZIE\u0143 I NOC - Diadema | Manufaktura kosmetyczna z Toskanii\",\"isPartOf\":{\"@id\":\"https:\/\/diadema.shop\/#website\"},\"datePublished\":\"2022-04-27T19:22:46+00:00\",\"dateModified\":\"2025-01-23T11:38:58+00:00\",\"breadcrumb\":{\"@id\":\"https:\/\/diadema.shop\/product\/krem_odzywczy_na-dzien-i-noc_grecale\/#breadcrumb\"},\"inLanguage\":\"en-US\",\"potentialAction\":[{\"@type\":\"ReadAction\",\"target\":[\"https:\/\/diadema.shop\/product\/krem_odzywczy_na-dzien-i-noc_grecale\/\"]}]},{\"@type\":\"BreadcrumbList\",\"@id\":\"https:\/\/diadema.shop\/product\/krem_odzywczy_na-dzien-i-noc_grecale\/#breadcrumb\",\"itemListElement\":[{\"@type\":\"ListItem\",\"position\":1,\"name\":\"Strona g\u0142\u00f3wna\",\"item\":\"https:\/\/diadema.shop\/\"},{\"@type\":\"ListItem\",\"position\":2,\"name\":\"SKLEP\",\"item\":\"https:\/\/diadema.shop\/sklep\/\"},{\"@type\":\"ListItem\",\"position\":3,\"name\":\"IDEALNY KREM DO TWARZY &#8211; GRECALE &#8211; DZIE\u0143 I NOC\"}]},{\"@type\":\"WebSite\",\"@id\":\"https:\/\/diadema.shop\/#website\",\"url\":\"https:\/\/diadema.shop\/\",\"name\":\"Diadema | Manufaktura kosmetyczna z Toskanii\",\"description\":\"\",\"publisher\":{\"@id\":\"https:\/\/diadema.shop\/#organization\"},\"potentialAction\":[{\"@type\":\"SearchAction\",\"target\":{\"@type\":\"EntryPoint\",\"urlTemplate\":\"https:\/\/diadema.shop\/?s={search_term_string}\"},\"query-input\":\"required name=search_term_string\"}],\"inLanguage\":\"en-US\"},{\"@type\":\"Organization\",\"@id\":\"https:\/\/diadema.shop\/#organization\",\"name\":\"Diadema | Manufaktura kosmetyczna z Toskanii\",\"url\":\"https:\/\/diadema.shop\/\",\"logo\":{\"@type\":\"ImageObject\",\"inLanguage\":\"en-US\",\"@id\":\"https:\/\/diadema.shop\/#\/schema\/logo\/image\/\",\"url\":\"https:\/\/diadema.shop\/wp-content\/uploads\/2022\/06\/diadema-logo-dark.png\",\"contentUrl\":\"https:\/\/diadema.shop\/wp-content\/uploads\/2022\/06\/diadema-logo-dark.png\",\"width\":210,\"height\":94,\"caption\":\"Diadema | Manufaktura kosmetyczna z Toskanii\"},\"image\":{\"@id\":\"https:\/\/diadema.shop\/#\/schema\/logo\/image\/\"},\"sameAs\":[\"https:\/\/www.facebook.com\/profile.php?id=100085532000016\",\"https:\/\/www.instagram.com\/diademapolska\/\"]}]}<\/script>\n<!-- \/ Yoast SEO plugin. -->","yoast_head_json":{"title":"IDEALNY KREM DO TWARZY - GRECALE - DZIE\u0143 I NOC - Diadema | Manufaktura kosmetyczna z Toskanii","robots":{"index":"index","follow":"follow","max-snippet":"max-snippet:-1","max-image-preview":"max-image-preview:large","max-video-preview":"max-video-preview:-1"},"canonical":"https:\/\/diadema.shop\/en\/product\/krem_odzywczy_na-dzien-i-noc_grecale\/","og_locale":"en_US","og_type":"article","og_title":"IDEALNY KREM DO TWARZY - GRECALE - DZIE\u0143 I NOC - Diadema | Manufaktura kosmetyczna z Toskanii","og_description":"Krem od\u017cywczy do twarzy o lekkiej formule na dzie\u0144 i noc Grecale.","og_url":"https:\/\/diadema.shop\/en\/product\/krem_odzywczy_na-dzien-i-noc_grecale\/","og_site_name":"Diadema | Manufaktura kosmetyczna z Toskanii","article_publisher":"https:\/\/www.facebook.com\/profile.php?id=100085532000016","article_modified_time":"2025-01-23T11:38:58+00:00","og_image":[{"width":1200,"height":1200,"url":"https:\/\/diadema.shop\/wp-content\/uploads\/2022\/04\/crema-viso-antieta-grecale-1.jpg","type":"image\/jpeg"}],"twitter_card":"summary_large_image","twitter_misc":{"Est. reading time":"2 minutes"},"schema":{"@context":"https:\/\/schema.org","@graph":[{"@type":"WebPage","@id":"https:\/\/diadema.shop\/product\/krem_odzywczy_na-dzien-i-noc_grecale\/","url":"https:\/\/diadema.shop\/product\/krem_odzywczy_na-dzien-i-noc_grecale\/","name":"IDEALNY KREM DO TWARZY - GRECALE - DZIE\u0143 I NOC - Diadema | Manufaktura kosmetyczna z Toskanii","isPartOf":{"@id":"https:\/\/diadema.shop\/#website"},"datePublished":"2022-04-27T19:22:46+00:00","dateModified":"2025-01-23T11:38:58+00:00","breadcrumb":{"@id":"https:\/\/diadema.shop\/product\/krem_odzywczy_na-dzien-i-noc_grecale\/#breadcrumb"},"inLanguage":"en-US","potentialAction":[{"@type":"ReadAction","target":["https:\/\/diadema.shop\/product\/krem_odzywczy_na-dzien-i-noc_grecale\/"]}]},{"@type":"BreadcrumbList","@id":"https:\/\/diadema.shop\/product\/krem_odzywczy_na-dzien-i-noc_grecale\/#breadcrumb","itemListElement":[{"@type":"ListItem","position":1,"name":"Strona g\u0142\u00f3wna","item":"https:\/\/diadema.shop\/"},{"@type":"ListItem","position":2,"name":"SKLEP","item":"https:\/\/diadema.shop\/sklep\/"},{"@type":"ListItem","position":3,"name":"IDEALNY KREM DO TWARZY &#8211; GRECALE &#8211; DZIE\u0143 I NOC"}]},{"@type":"WebSite","@id":"https:\/\/diadema.shop\/#website","url":"https:\/\/diadema.shop\/","name":"Diadema | Manufaktura kosmetyczna z Toskanii","description":"","publisher":{"@id":"https:\/\/diadema.shop\/#organization"},"potentialAction":[{"@type":"SearchAction","target":{"@type":"EntryPoint","urlTemplate":"https:\/\/diadema.shop\/?s={search_term_string}"},"query-input":"required name=search_term_string"}],"inLanguage":"en-US"},{"@type":"Organization","@id":"https:\/\/diadema.shop\/#organization","name":"Diadema | Manufaktura kosmetyczna z Toskanii","url":"https:\/\/diadema.shop\/","logo":{"@type":"ImageObject","inLanguage":"en-US","@id":"https:\/\/diadema.shop\/#\/schema\/logo\/image\/","url":"https:\/\/diadema.shop\/wp-content\/uploads\/2022\/06\/diadema-logo-dark.png","contentUrl":"https:\/\/diadema.shop\/wp-content\/uploads\/2022\/06\/diadema-logo-dark.png","width":210,"height":94,"caption":"Diadema | Manufaktura kosmetyczna z Toskanii"},"image":{"@id":"https:\/\/diadema.shop\/#\/schema\/logo\/image\/"},"sameAs":["https:\/\/www.facebook.com\/profile.php?id=100085532000016","https:\/\/www.instagram.com\/diademapolska\/"]}]}},"_links":{"self":[{"href":"https:\/\/diadema.shop\/en\/wp-json\/wp\/v2\/product\/4147"}],"collection":[{"href":"https:\/\/diadema.shop\/en\/wp-json\/wp\/v2\/product"}],"about":[{"href":"https:\/\/diadema.shop\/en\/wp-json\/wp\/v2\/types\/product"}],"replies":[{"embeddable":true,"href":"https:\/\/diadema.shop\/en\/wp-json\/wp\/v2\/comments?post=4147"}],"wp:featuredmedia":[{"embeddable":true,"href":"https:\/\/diadema.shop\/en\/wp-json\/wp\/v2\/media\/4185"}],"wp:attachment":[{"href":"https:\/\/diadema.shop\/en\/wp-json\/wp\/v2\/media?parent=4147"}],"wp:term":[{"taxonomy":"product_cat","embeddable":true,"href":"https:\/\/diadema.shop\/en\/wp-json\/wp\/v2\/product_cat?post=4147"},{"taxonomy":"product_tag","embeddable":true,"href":"https:\/\/diadema.shop\/en\/wp-json\/wp\/v2\/product_tag?post=4147"}],"curies":[{"name":"wp","href":"https:\/\/api.w.org\/{rel}","templated":true}]}}