{"id":10,"date":"2022-06-15T06:07:59","date_gmt":"2022-06-15T06:07:59","guid":{"rendered":"http:\/\/diadema.shop\/?page_id=10"},"modified":"2023-06-06T11:53:00","modified_gmt":"2023-06-06T09:53:00","slug":"moje-konto-diadema","status":"publish","type":"page","link":"https:\/\/diadema.shop\/en\/moje-konto-diadema\/","title":{"rendered":"Moje konto"},"content":{"rendered":"<div class=\"woocommerce\"><\/div>","protected":false},"excerpt":{"rendered":"","protected":false},"author":1,"featured_media":0,"parent":0,"menu_order":0,"comment_status":"closed","ping_status":"closed","template":"","meta":[],"acf":[],"yoast_head":"<!-- This site is optimized with the Yoast SEO plugin v20.4 - https:\/\/yoast.com\/wordpress\/plugins\/seo\/ -->\n<title>Moje konto - Diadema | Manufaktura kosmetyczna z Toskanii<\/title>\n<meta name=\"description\" content=\"Zaloguj si\u0119 na Moje Konto i ciesz si\u0119 wyj\u0105tkowymi korzy\u015bciami jako klient Diademy. Do\u0142\u0105cz do naszej kosmetycznej spo\u0142eczno\u015bci ju\u017c teraz!\" \/>\n<meta name=\"robots\" content=\"index, follow, max-snippet:-1, max-image-preview:large, max-video-preview:-1\" \/>\n<link rel=\"canonical\" href=\"https:\/\/diadema.shop\/en\/moje-konto-diadema\/\" \/>\n<meta property=\"og:locale\" content=\"en_US\" \/>\n<meta property=\"og:type\" content=\"article\" \/>\n<meta property=\"og:title\" content=\"Moje konto - Diadema | Manufaktura kosmetyczna z Toskanii\" \/>\n<meta property=\"og:description\" content=\"Zaloguj si\u0119 na Moje Konto i ciesz si\u0119 wyj\u0105tkowymi korzy\u015bciami jako klient Diademy. Do\u0142\u0105cz do naszej kosmetycznej spo\u0142eczno\u015bci ju\u017c teraz!\" \/>\n<meta property=\"og:url\" content=\"https:\/\/diadema.shop\/en\/moje-konto-diadema\/\" \/>\n<meta property=\"og:site_name\" content=\"Diadema | Manufaktura kosmetyczna z Toskanii\" \/>\n<meta property=\"article:publisher\" content=\"https:\/\/www.facebook.com\/profile.php?id=100085532000016\" \/>\n<meta property=\"article:modified_time\" content=\"2023-06-06T09:53:00+00:00\" \/>\n<meta name=\"twitter:card\" content=\"summary_large_image\" \/>\n<meta name=\"twitter:label1\" content=\"Est. reading time\" \/>\n\t<meta name=\"twitter:data1\" content=\"1 minute\" \/>\n<script type=\"application\/ld+json\" class=\"yoast-schema-graph\">{\"@context\":\"https:\/\/schema.org\",\"@graph\":[{\"@type\":\"WebPage\",\"@id\":\"https:\/\/diadema.shop\/moje-konto-diadema\/\",\"url\":\"https:\/\/diadema.shop\/moje-konto-diadema\/\",\"name\":\"Moje konto - Diadema | Manufaktura kosmetyczna z Toskanii\",\"isPartOf\":{\"@id\":\"https:\/\/diadema.shop\/#website\"},\"datePublished\":\"2022-06-15T06:07:59+00:00\",\"dateModified\":\"2023-06-06T09:53:00+00:00\",\"description\":\"Zaloguj si\u0119 na Moje Konto i ciesz si\u0119 wyj\u0105tkowymi korzy\u015bciami jako klient Diademy. Do\u0142\u0105cz do naszej kosmetycznej spo\u0142eczno\u015bci ju\u017c teraz!\",\"breadcrumb\":{\"@id\":\"https:\/\/diadema.shop\/moje-konto-diadema\/#breadcrumb\"},\"inLanguage\":\"en-US\",\"potentialAction\":[{\"@type\":\"ReadAction\",\"target\":[\"https:\/\/diadema.shop\/moje-konto-diadema\/\"]}]},{\"@type\":\"BreadcrumbList\",\"@id\":\"https:\/\/diadema.shop\/moje-konto-diadema\/#breadcrumb\",\"itemListElement\":[{\"@type\":\"ListItem\",\"position\":1,\"name\":\"Strona g\u0142\u00f3wna\",\"item\":\"https:\/\/diadema.shop\/\"},{\"@type\":\"ListItem\",\"position\":2,\"name\":\"Moje konto\"}]},{\"@type\":\"WebSite\",\"@id\":\"https:\/\/diadema.shop\/#website\",\"url\":\"https:\/\/diadema.shop\/\",\"name\":\"Diadema | Manufaktura kosmetyczna z Toskanii\",\"description\":\"\",\"publisher\":{\"@id\":\"https:\/\/diadema.shop\/#organization\"},\"potentialAction\":[{\"@type\":\"SearchAction\",\"target\":{\"@type\":\"EntryPoint\",\"urlTemplate\":\"https:\/\/diadema.shop\/?s={search_term_string}\"},\"query-input\":\"required name=search_term_string\"}],\"inLanguage\":\"en-US\"},{\"@type\":\"Organization\",\"@id\":\"https:\/\/diadema.shop\/#organization\",\"name\":\"Diadema | Manufaktura kosmetyczna z Toskanii\",\"url\":\"https:\/\/diadema.shop\/\",\"logo\":{\"@type\":\"ImageObject\",\"inLanguage\":\"en-US\",\"@id\":\"https:\/\/diadema.shop\/#\/schema\/logo\/image\/\",\"url\":\"https:\/\/diadema.shop\/wp-content\/uploads\/2022\/06\/diadema-logo-dark.png\",\"contentUrl\":\"https:\/\/diadema.shop\/wp-content\/uploads\/2022\/06\/diadema-logo-dark.png\",\"width\":210,\"height\":94,\"caption\":\"Diadema | Manufaktura kosmetyczna z Toskanii\"},\"image\":{\"@id\":\"https:\/\/diadema.shop\/#\/schema\/logo\/image\/\"},\"sameAs\":[\"https:\/\/www.facebook.com\/profile.php?id=100085532000016\",\"https:\/\/www.instagram.com\/diademapolska\/\"]}]}<\/script>\n<!-- \/ Yoast SEO plugin. -->","yoast_head_json":{"title":"Moje konto - Diadema | Manufaktura kosmetyczna z Toskanii","description":"Zaloguj si\u0119 na Moje Konto i ciesz si\u0119 wyj\u0105tkowymi korzy\u015bciami jako klient Diademy. Do\u0142\u0105cz do naszej kosmetycznej spo\u0142eczno\u015bci ju\u017c teraz!","robots":{"index":"index","follow":"follow","max-snippet":"max-snippet:-1","max-image-preview":"max-image-preview:large","max-video-preview":"max-video-preview:-1"},"canonical":"https:\/\/diadema.shop\/en\/moje-konto-diadema\/","og_locale":"en_US","og_type":"article","og_title":"Moje konto - Diadema | Manufaktura kosmetyczna z Toskanii","og_description":"Zaloguj si\u0119 na Moje Konto i ciesz si\u0119 wyj\u0105tkowymi korzy\u015bciami jako klient Diademy. Do\u0142\u0105cz do naszej kosmetycznej spo\u0142eczno\u015bci ju\u017c teraz!","og_url":"https:\/\/diadema.shop\/en\/moje-konto-diadema\/","og_site_name":"Diadema | Manufaktura kosmetyczna z Toskanii","article_publisher":"https:\/\/www.facebook.com\/profile.php?id=100085532000016","article_modified_time":"2023-06-06T09:53:00+00:00","twitter_card":"summary_large_image","twitter_misc":{"Est. reading time":"1 minute"},"schema":{"@context":"https:\/\/schema.org","@graph":[{"@type":"WebPage","@id":"https:\/\/diadema.shop\/moje-konto-diadema\/","url":"https:\/\/diadema.shop\/moje-konto-diadema\/","name":"Moje konto - Diadema | Manufaktura kosmetyczna z Toskanii","isPartOf":{"@id":"https:\/\/diadema.shop\/#website"},"datePublished":"2022-06-15T06:07:59+00:00","dateModified":"2023-06-06T09:53:00+00:00","description":"Zaloguj si\u0119 na Moje Konto i ciesz si\u0119 wyj\u0105tkowymi korzy\u015bciami jako klient Diademy. Do\u0142\u0105cz do naszej kosmetycznej spo\u0142eczno\u015bci ju\u017c teraz!","breadcrumb":{"@id":"https:\/\/diadema.shop\/moje-konto-diadema\/#breadcrumb"},"inLanguage":"en-US","potentialAction":[{"@type":"ReadAction","target":["https:\/\/diadema.shop\/moje-konto-diadema\/"]}]},{"@type":"BreadcrumbList","@id":"https:\/\/diadema.shop\/moje-konto-diadema\/#breadcrumb","itemListElement":[{"@type":"ListItem","position":1,"name":"Strona g\u0142\u00f3wna","item":"https:\/\/diadema.shop\/"},{"@type":"ListItem","position":2,"name":"Moje konto"}]},{"@type":"WebSite","@id":"https:\/\/diadema.shop\/#website","url":"https:\/\/diadema.shop\/","name":"Diadema | Manufaktura kosmetyczna z Toskanii","description":"","publisher":{"@id":"https:\/\/diadema.shop\/#organization"},"potentialAction":[{"@type":"SearchAction","target":{"@type":"EntryPoint","urlTemplate":"https:\/\/diadema.shop\/?s={search_term_string}"},"query-input":"required name=search_term_string"}],"inLanguage":"en-US"},{"@type":"Organization","@id":"https:\/\/diadema.shop\/#organization","name":"Diadema | Manufaktura kosmetyczna z Toskanii","url":"https:\/\/diadema.shop\/","logo":{"@type":"ImageObject","inLanguage":"en-US","@id":"https:\/\/diadema.shop\/#\/schema\/logo\/image\/","url":"https:\/\/diadema.shop\/wp-content\/uploads\/2022\/06\/diadema-logo-dark.png","contentUrl":"https:\/\/diadema.shop\/wp-content\/uploads\/2022\/06\/diadema-logo-dark.png","width":210,"height":94,"caption":"Diadema | Manufaktura kosmetyczna z Toskanii"},"image":{"@id":"https:\/\/diadema.shop\/#\/schema\/logo\/image\/"},"sameAs":["https:\/\/www.facebook.com\/profile.php?id=100085532000016","https:\/\/www.instagram.com\/diademapolska\/"]}]}},"_links":{"self":[{"href":"https:\/\/diadema.shop\/en\/wp-json\/wp\/v2\/pages\/10"}],"collection":[{"href":"https:\/\/diadema.shop\/en\/wp-json\/wp\/v2\/pages"}],"about":[{"href":"https:\/\/diadema.shop\/en\/wp-json\/wp\/v2\/types\/page"}],"author":[{"embeddable":true,"href":"https:\/\/diadema.shop\/en\/wp-json\/wp\/v2\/users\/1"}],"replies":[{"embeddable":true,"href":"https:\/\/diadema.shop\/en\/wp-json\/wp\/v2\/comments?post=10"}],"version-history":[{"count":1,"href":"https:\/\/diadema.shop\/en\/wp-json\/wp\/v2\/pages\/10\/revisions"}],"predecessor-version":[{"id":4636,"href":"https:\/\/diadema.shop\/en\/wp-json\/wp\/v2\/pages\/10\/revisions\/4636"}],"wp:attachment":[{"href":"https:\/\/diadema.shop\/en\/wp-json\/wp\/v2\/media?parent=10"}],"curies":[{"name":"wp","href":"https:\/\/api.w.org\/{rel}","templated":true}]}}